{"id":991,"date":"2022-05-10T08:24:58","date_gmt":"2022-05-10T06:24:58","guid":{"rendered":"https:\/\/test.orthoconcept.ch\/startseite\/"},"modified":"2025-04-29T09:51:22","modified_gmt":"2025-04-29T07:51:22","slug":"startseite","status":"publish","type":"page","link":"https:\/\/orthoconcept.ch\/de\/","title":{"rendered":"Startseite"},"content":{"rendered":"","protected":false},"excerpt":{"rendered":"","protected":false},"author":1,"featured_media":0,"parent":0,"menu_order":0,"comment_status":"closed","ping_status":"closed","template":"","meta":{"_seopress_robots_primary_cat":"","_seopress_titles_title":"","_seopress_titles_desc":"service conseil pour l\u2019orthop\u00e9die technique et les moyens auxiliaires pour adultes et enfants. Des solutions innovantes pr\u00e9sentes \u00e0 Fribourg, Yverdon, Lausanne, Collombey-Muraz, Gen\u00e8ve, Les Acacias, Lussy-sur-Morges, Morges, Neuch\u00e2tel, Nyon, Puidoux, Sion, Vevey et Yverdon-les-Bains","_seopress_robots_index":"","footnotes":""},"class_list":["post-991","page","type-page","status-publish","hentry"],"_links":{"self":[{"href":"https:\/\/orthoconcept.ch\/de\/wp-json\/wp\/v2\/pages\/991","targetHints":{"allow":["GET"]}}],"collection":[{"href":"https:\/\/orthoconcept.ch\/de\/wp-json\/wp\/v2\/pages"}],"about":[{"href":"https:\/\/orthoconcept.ch\/de\/wp-json\/wp\/v2\/types\/page"}],"author":[{"embeddable":true,"href":"https:\/\/orthoconcept.ch\/de\/wp-json\/wp\/v2\/users\/1"}],"replies":[{"embeddable":true,"href":"https:\/\/orthoconcept.ch\/de\/wp-json\/wp\/v2\/comments?post=991"}],"version-history":[{"count":15,"href":"https:\/\/orthoconcept.ch\/de\/wp-json\/wp\/v2\/pages\/991\/revisions"}],"predecessor-version":[{"id":4046,"href":"https:\/\/orthoconcept.ch\/de\/wp-json\/wp\/v2\/pages\/991\/revisions\/4046"}],"wp:attachment":[{"href":"https:\/\/orthoconcept.ch\/de\/wp-json\/wp\/v2\/media?parent=991"}],"curies":[{"name":"wp","href":"https:\/\/api.w.org\/{rel}","templated":true}]}}