{"id":992,"date":"2022-05-10T08:26:53","date_gmt":"2022-05-10T06:26:53","guid":{"rendered":"https:\/\/test.orthoconcept.ch\/impressum\/"},"modified":"2022-10-05T09:18:57","modified_gmt":"2022-10-05T07:18:57","slug":"impressum","status":"publish","type":"page","link":"https:\/\/orthoconcept.ch\/de\/impressum\/","title":{"rendered":"Impressum"},"content":{"rendered":"<p class=\"p1\"><b>Impressum<\/b><\/p>\n<p class=\"p3\">Hinweis zur Nutzung der Website von Orthoconcept.<br \/>\n<a href=\"http:\/\/www.xxxx.com\"><span class=\"s1\">www.orthoconcept.com<\/span><\/a><\/p>\n<p>&nbsp;<\/p>\n<p class=\"p3\">\u00a9 Copyright<br \/>\nDer Inhalt der Website von <a href=\"http:\/\/xxxx.ch\"><span class=\"s1\">orthoconcept.ch<\/span><\/a>, im Folgenden Betreiber genannt, ist durch das Recht auf geistiges Eigentum gesch\u00fctzt.<\/p>\n<p>&nbsp;<\/p>\n<p class=\"p3\"><b>Datenschutz &#8211; <span class=\"Apple-converted-space\">Cookies<\/span><\/b><\/p>\n<p class=\"p3\">Diese Website verwendet Cookies. Cookies sind kleine Textdateien, die beim Besuch der Website vor\u00fcbergehend oder dauerhaft auf Ihrem Computer gespeichert werden. Der Zweck von Cookies besteht insbesondere darin, die Nutzung der Website zu analysieren, um eine statistische Auswertung sowie kontinuierliche Verbesserungen zu erm\u00f6glichen. Cookies k\u00f6nnen jederzeit in den Einstellungen Ihres Webbrowsers teilweise oder vollst\u00e4ndig deaktiviert werden. Wenn Sie Cookies deaktivieren, kann es sein, dass einige Funktionen dieser Website nicht mehr zur Verf\u00fcgung stehen.<\/p>\n<p>&nbsp;<\/p>\n<p class=\"p3\"><b>Disclaimer<\/b><br \/>\nDie Inhalte dieser Website werden sorgf\u00e4ltig bearbeitet. Dennoch \u00fcbernimmt der Betreiber keine Verantwortung f\u00fcr die Verf\u00fcgbarkeit und Richtigkeit der Inhalte. Der Betreiber beh\u00e4lt sich das Recht vor, den Inhalt jederzeit zu \u00e4ndern und\/oder den Zugang zur Website zu entziehen.<\/p>\n<p class=\"p3\">Links und eingebettete Inhalte<br \/>\nIm Sinne einer Dienstleistung kann der Betreiber Links zu externen Websites setzen, die Dritten geh\u00f6ren und von diesen verwaltet werden. F\u00fcr den Inhalt der verlinkten Seiten sind die Betreiber der jeweiligen Seiten verantwortlich. Ein Verweis (Link) bedeutet auch nicht, dass der Betreiber den Inhalt der verlinkten Seite billigt.<br \/>\nDie Artikel auf dieser Seite k\u00f6nnen eingebettete Inhalte (z. B. Videos, Bilder, Artikel &#8230;) enthalten. Von anderen Websites eingebettete Inhalte verhalten sich genauso, als w\u00fcrde der Besucher diese andere Website besuchen.<br \/>\nDiese Websites k\u00f6nnen Daten \u00fcber Sie sammeln, Cookies verwenden, Tracking-Tools von Drittanbietern einbetten und Ihre Interaktionen mit diesen eingebetteten Inhalten verfolgen, wenn Sie ein angemeldetes Konto auf ihrer Website haben.<\/p>\n<p>&nbsp;<\/p>\n<p class=\"p3\">Verantwortlich f\u00fcr die Website<br \/>\nOrthoconcept SA<br \/>\nAv. Beauregard 9<br \/>\n1700 Freiburg<br \/>\n<a href=\"mailto:info@orthoconcept.ch\">info@orthoconcept.ch<\/a><\/p>\n<p>&nbsp;<\/p>\n<p class=\"p3\">Design und Realisierung<br \/>\nUp to you<br \/>\nRoute du Petit-Moncor 1A<br \/>\n1752 Villars-sur-Gl\u00e2ne<br \/>\n<a href=\"tel:+41263214037\"><span class=\"s1\">+41 26 321 40 37<\/span><\/a><br \/>\n<a href=\"mailto:info@up-to-you.ch\"><span class=\"s1\">info@up-to-you.ch<\/span><\/a><\/p>\n","protected":false},"excerpt":{"rendered":"<p>Impressum Hinweis zur Nutzung der Website von Orthoconcept. www.orthoconcept.com &nbsp; \u00a9 Copyright Der Inhalt der Website von orthoconcept.ch, im Folgenden Betreiber genannt, ist durch das Recht auf geistiges Eigentum gesch\u00fctzt. &nbsp; Datenschutz &#8211; Cookies Diese Website verwendet Cookies. Cookies sind kleine Textdateien, die beim Besuch der Website vor\u00fcbergehend oder dauerhaft auf Ihrem Computer gespeichert werden. [&hellip;]<\/p>\n","protected":false},"author":1,"featured_media":0,"parent":0,"menu_order":0,"comment_status":"closed","ping_status":"closed","template":"","meta":{"_seopress_robots_primary_cat":"","_seopress_titles_title":"","_seopress_titles_desc":"","_seopress_robots_index":"","footnotes":""},"class_list":["post-992","page","type-page","status-publish","hentry"],"_links":{"self":[{"href":"https:\/\/orthoconcept.ch\/de\/wp-json\/wp\/v2\/pages\/992","targetHints":{"allow":["GET"]}}],"collection":[{"href":"https:\/\/orthoconcept.ch\/de\/wp-json\/wp\/v2\/pages"}],"about":[{"href":"https:\/\/orthoconcept.ch\/de\/wp-json\/wp\/v2\/types\/page"}],"author":[{"embeddable":true,"href":"https:\/\/orthoconcept.ch\/de\/wp-json\/wp\/v2\/users\/1"}],"replies":[{"embeddable":true,"href":"https:\/\/orthoconcept.ch\/de\/wp-json\/wp\/v2\/comments?post=992"}],"version-history":[{"count":1,"href":"https:\/\/orthoconcept.ch\/de\/wp-json\/wp\/v2\/pages\/992\/revisions"}],"predecessor-version":[{"id":1071,"href":"https:\/\/orthoconcept.ch\/de\/wp-json\/wp\/v2\/pages\/992\/revisions\/1071"}],"wp:attachment":[{"href":"https:\/\/orthoconcept.ch\/de\/wp-json\/wp\/v2\/media?parent=992"}],"curies":[{"name":"wp","href":"https:\/\/api.w.org\/{rel}","templated":true}]}}